{"id":66,"date":"2020-04-05T13:10:03","date_gmt":"2020-04-05T13:10:03","guid":{"rendered":"http:\/\/bsv.bsv-riedlingen.de\/?page_id=66"},"modified":"2020-04-05T13:10:03","modified_gmt":"2020-04-05T13:10:03","slug":"verbaende","status":"publish","type":"page","link":"https:\/\/bsv.bsv-riedlingen.de\/?page_id=66","title":{"rendered":"Verb\u00e4nde"},"content":{"rendered":"\n<p><strong><a href=\"http:\/\/bdb.net\" target=\"_blank\" rel=\"noreferrer noopener\">Bundesverband Deutscher Briefmarkenversteigerer e.V.<\/a><\/strong><\/p>\n\n\n\n<p><strong><a href=\"http:\/\/www.bdph.de\" target=\"_blank\" rel=\"noreferrer noopener\">Bund Deutscher Philatelisten (BDPh)<\/a><\/strong><br><em>Unser Bundesverband<\/em><\/p>\n\n\n\n<p><a href=\"https:\/\/www.bpp.de\/de\/\" target=\"_blank\" rel=\"noreferrer noopener\"><strong>Bund philatelistischer Pr\u00fcfer e.V.<\/strong><\/a><\/p>\n\n\n\n<p><a href=\"http:\/\/www.dphj.de\" target=\"_blank\" rel=\"noreferrer noopener\"><strong>Deutsche Philatelisten-Jugend e.V. (DPhJ)<\/strong><\/a><br><em>Der Bundesverband der jungen Briefmarkenfreunde<\/em><\/p>\n\n\n\n<p><a href=\"http:\/\/www.lrsw.de\" target=\"_blank\" rel=\"noreferrer noopener\"><strong>Landesring S\u00fcd-West e.V.<\/strong><\/a><br><em>Der Verband der jungen Briefmarkenfreunde im Bereich des Landesverbandes der Briefmarkensammlervereine S\u00fcdwestdeutschlands e.V.<\/em><\/p>\n\n\n\n<p><a href=\"http:\/\/www.briefmarken-suedwest.de\" target=\"_blank\" rel=\"noreferrer noopener\"><strong>Landesverband S\u00fcdwestdeutscher Briefmarkensammler-Vereine e.V. (LSW)<\/strong><\/a><br><em>Der Landesverband dem unser Verein angeschlossen ist.<\/em><\/p>\n\n\n\n<p><a href=\"http:\/\/www.phila-bb.de\/\" target=\"_blank\" rel=\"noreferrer noopener\"><strong>Philatelisten-Verband Berlin-Brandenburg e.&nbsp;V.<\/strong><\/a><\/p>\n","protected":false},"excerpt":{"rendered":"<p>Bundesverband Deutscher Briefmarkenversteigerer e.V. Bund Deutscher Philatelisten (BDPh)Unser Bundesverband Bund philatelistischer Pr\u00fcfer e.V. Deutsche Philatelisten-Jugend e.V. (DPhJ)Der Bundesverband der jungen Briefmarkenfreunde Landesring S\u00fcd-West e.V.Der Verband der jungen Briefmarkenfreunde im Bereich des Landesverbandes der Briefmarkensammlervereine S\u00fcdwestdeutschlands e.V. Landesverband S\u00fcdwestdeutscher Briefmarkensammler-Vereine e.V. (LSW)Der Landesverband dem unser Verein angeschlossen ist. Philatelisten-Verband Berlin-Brandenburg e.&nbsp;V.<\/p>\n","protected":false},"author":1,"featured_media":0,"parent":0,"menu_order":0,"comment_status":"closed","ping_status":"closed","template":"","meta":{"footnotes":""},"class_list":["post-66","page","type-page","status-publish","hentry"],"_links":{"self":[{"href":"https:\/\/bsv.bsv-riedlingen.de\/index.php?rest_route=\/wp\/v2\/pages\/66","targetHints":{"allow":["GET"]}}],"collection":[{"href":"https:\/\/bsv.bsv-riedlingen.de\/index.php?rest_route=\/wp\/v2\/pages"}],"about":[{"href":"https:\/\/bsv.bsv-riedlingen.de\/index.php?rest_route=\/wp\/v2\/types\/page"}],"author":[{"embeddable":true,"href":"https:\/\/bsv.bsv-riedlingen.de\/index.php?rest_route=\/wp\/v2\/users\/1"}],"replies":[{"embeddable":true,"href":"https:\/\/bsv.bsv-riedlingen.de\/index.php?rest_route=%2Fwp%2Fv2%2Fcomments&post=66"}],"version-history":[{"count":1,"href":"https:\/\/bsv.bsv-riedlingen.de\/index.php?rest_route=\/wp\/v2\/pages\/66\/revisions"}],"predecessor-version":[{"id":67,"href":"https:\/\/bsv.bsv-riedlingen.de\/index.php?rest_route=\/wp\/v2\/pages\/66\/revisions\/67"}],"wp:attachment":[{"href":"https:\/\/bsv.bsv-riedlingen.de\/index.php?rest_route=%2Fwp%2Fv2%2Fmedia&parent=66"}],"curies":[{"name":"wp","href":"https:\/\/api.w.org\/{rel}","templated":true}]}}