{"id":657,"date":"2020-07-11T11:05:16","date_gmt":"2020-07-11T11:05:16","guid":{"rendered":"http:\/\/bsv.bsv-riedlingen.de\/?page_id=657"},"modified":"2020-07-12T13:45:44","modified_gmt":"2020-07-12T13:45:44","slug":"ausstellung","status":"publish","type":"page","link":"https:\/\/bsv.bsv-riedlingen.de\/?page_id=657","title":{"rendered":"Ausstellung"},"content":{"rendered":"\n<p><strong>Kinder und Jugendausstellungen<\/strong><br>Ferienprogramm freie Ausstellungsgestaltung <br>Damian K\u00f6hler: Gott zur Ehr&#8216;, dem N\u00e4chsten zur Wehr<br>David Faigle Benedico: Von der Natur bestens gesch\u00fctzt \u2013 die Schildkr\u00f6te<br>Lisa Lehn: Nutztiere in der Landwirtschaft<br>Simon Necker: Oldtimer &#8211; mehr als alte Autos<br>Eva Haggenm\u00fcller: Die postalische Inlandsverwendung der Dauerserie Brandenburger Tor in der Zeit vom 1.4.1966 bis 30.06.1972<\/p>\n\n\n\n<p><strong>Erwachsenenausstellungen<\/strong><br>J\u00fcrgen Berger: Ansichtskarten von Riedlingen<br>Christian Helfert: Sieben Sonderstempel von Riedlingen &#8211; vom Stadtjubil\u00e4um 1950 bis zur Postausstellung 2016<br>Gerhard Otto: Kunstturnen auf Briefmarken<br>Briefmarkensammlerverein: Briefmarken sammeln?<\/p>\n","protected":false},"excerpt":{"rendered":"<p>Kinder und JugendausstellungenFerienprogramm freie Ausstellungsgestaltung Damian K\u00f6hler: Gott zur Ehr&#8216;, dem N\u00e4chsten zur WehrDavid Faigle Benedico: Von der Natur bestens gesch\u00fctzt \u2013 die Schildkr\u00f6teLisa Lehn: Nutztiere in der LandwirtschaftSimon Necker: Oldtimer &#8211; mehr als alte AutosEva Haggenm\u00fcller: Die postalische Inlandsverwendung der Dauerserie Brandenburger Tor in der Zeit vom 1.4.1966 bis 30.06.1972 ErwachsenenausstellungenJ\u00fcrgen Berger: Ansichtskarten von &hellip; <a href=\"https:\/\/bsv.bsv-riedlingen.de\/?page_id=657\" class=\"more-link\"><span class=\"screen-reader-text\">\u201eAusstellung\u201c <\/span>weiterlesen<\/a><\/p>\n","protected":false},"author":1,"featured_media":662,"parent":585,"menu_order":0,"comment_status":"closed","ping_status":"closed","template":"","meta":{"footnotes":""},"class_list":["post-657","page","type-page","status-publish","has-post-thumbnail","hentry"],"_links":{"self":[{"href":"https:\/\/bsv.bsv-riedlingen.de\/index.php?rest_route=\/wp\/v2\/pages\/657","targetHints":{"allow":["GET"]}}],"collection":[{"href":"https:\/\/bsv.bsv-riedlingen.de\/index.php?rest_route=\/wp\/v2\/pages"}],"about":[{"href":"https:\/\/bsv.bsv-riedlingen.de\/index.php?rest_route=\/wp\/v2\/types\/page"}],"author":[{"embeddable":true,"href":"https:\/\/bsv.bsv-riedlingen.de\/index.php?rest_route=\/wp\/v2\/users\/1"}],"replies":[{"embeddable":true,"href":"https:\/\/bsv.bsv-riedlingen.de\/index.php?rest_route=%2Fwp%2Fv2%2Fcomments&post=657"}],"version-history":[{"count":6,"href":"https:\/\/bsv.bsv-riedlingen.de\/index.php?rest_route=\/wp\/v2\/pages\/657\/revisions"}],"predecessor-version":[{"id":666,"href":"https:\/\/bsv.bsv-riedlingen.de\/index.php?rest_route=\/wp\/v2\/pages\/657\/revisions\/666"}],"up":[{"embeddable":true,"href":"https:\/\/bsv.bsv-riedlingen.de\/index.php?rest_route=\/wp\/v2\/pages\/585"}],"wp:featuredmedia":[{"embeddable":true,"href":"https:\/\/bsv.bsv-riedlingen.de\/index.php?rest_route=\/wp\/v2\/media\/662"}],"wp:attachment":[{"href":"https:\/\/bsv.bsv-riedlingen.de\/index.php?rest_route=%2Fwp%2Fv2%2Fmedia&parent=657"}],"curies":[{"name":"wp","href":"https:\/\/api.w.org\/{rel}","templated":true}]}}