{"id":593,"date":"2020-07-08T19:27:08","date_gmt":"2020-07-08T19:27:08","guid":{"rendered":"http:\/\/bsv.bsv-riedlingen.de\/?page_id=593"},"modified":"2020-07-11T10:41:15","modified_gmt":"2020-07-11T10:41:15","slug":"programm","status":"publish","type":"page","link":"https:\/\/bsv.bsv-riedlingen.de\/?page_id=593","title":{"rendered":"Programm"},"content":{"rendered":"\n<p>Die Jungen Briefmarkenfreunde und der Briefmarkensammlerverein Riedlingen bieten am 8. August von 10:00 Uhr bis 17:00 Uhr ein durchg\u00e4ngiges Programm an.<\/p>\n\n\n\n<p>10:00 Uhr&nbsp;&nbsp;&nbsp;&nbsp; Er\u00f6ffnung <br>10:30 Uhr&nbsp;&nbsp;&nbsp;&nbsp; Briefschreibeworkshop<br>14:00 Uhr &nbsp;&nbsp;&nbsp; Pr\u00e4mierung Malwettbewerb<br>15:00 Uhr &nbsp;&nbsp;&nbsp; Auktion f\u00fcr Kinder<br>16:00 Uhr&nbsp;&nbsp;&nbsp;&nbsp; Philatelistische Spiele <br>16:45 Uhr&nbsp;&nbsp;&nbsp;&nbsp; Siegerehrung Briefmarkensch\u00e4tzspiel<\/p>\n\n\n\n<p>Ganztagsangebote<br>&#8211; Briefmarkenausstellung<br>&#8211; Informationsstand f\u00fcr Kinder und Erwachsene<br>&#8211; Briefmarkensch\u00e4tzspiel<br>&#8211; Museumsrallye<br>&#8211; Postrallye durch Riedlingen<br>&#8211; Briefmarken aussuchen \u2013 W\u00e4schekorb<br>&#8211; Ausstellungsbl\u00e4tter gestalten<br>&#8211; Bastelstand: Feuerwehrautos basteln<br>&#8211; Individuelle Spiele: u.a. Briefmarkenmemory, Briefmarkenpuzzle<\/p>\n","protected":false},"excerpt":{"rendered":"<p>Die Jungen Briefmarkenfreunde und der Briefmarkensammlerverein Riedlingen bieten am 8. August von 10:00 Uhr bis 17:00 Uhr ein durchg\u00e4ngiges Programm an. 10:00 Uhr&nbsp;&nbsp;&nbsp;&nbsp; Er\u00f6ffnung 10:30 Uhr&nbsp;&nbsp;&nbsp;&nbsp; Briefschreibeworkshop14:00 Uhr &nbsp;&nbsp;&nbsp; Pr\u00e4mierung Malwettbewerb15:00 Uhr &nbsp;&nbsp;&nbsp; Auktion f\u00fcr Kinder16:00 Uhr&nbsp;&nbsp;&nbsp;&nbsp; Philatelistische Spiele 16:45 Uhr&nbsp;&nbsp;&nbsp;&nbsp; Siegerehrung Briefmarkensch\u00e4tzspiel Ganztagsangebote&#8211; Briefmarkenausstellung&#8211; Informationsstand f\u00fcr Kinder und Erwachsene&#8211; Briefmarkensch\u00e4tzspiel&#8211; Museumsrallye&#8211; Postrallye durch Riedlingen&#8211; &hellip; <a href=\"https:\/\/bsv.bsv-riedlingen.de\/?page_id=593\" class=\"more-link\"><span class=\"screen-reader-text\">\u201eProgramm\u201c <\/span>weiterlesen<\/a><\/p>\n","protected":false},"author":1,"featured_media":653,"parent":585,"menu_order":0,"comment_status":"closed","ping_status":"closed","template":"","meta":{"footnotes":""},"class_list":["post-593","page","type-page","status-publish","has-post-thumbnail","hentry"],"_links":{"self":[{"href":"https:\/\/bsv.bsv-riedlingen.de\/index.php?rest_route=\/wp\/v2\/pages\/593","targetHints":{"allow":["GET"]}}],"collection":[{"href":"https:\/\/bsv.bsv-riedlingen.de\/index.php?rest_route=\/wp\/v2\/pages"}],"about":[{"href":"https:\/\/bsv.bsv-riedlingen.de\/index.php?rest_route=\/wp\/v2\/types\/page"}],"author":[{"embeddable":true,"href":"https:\/\/bsv.bsv-riedlingen.de\/index.php?rest_route=\/wp\/v2\/users\/1"}],"replies":[{"embeddable":true,"href":"https:\/\/bsv.bsv-riedlingen.de\/index.php?rest_route=%2Fwp%2Fv2%2Fcomments&post=593"}],"version-history":[{"count":5,"href":"https:\/\/bsv.bsv-riedlingen.de\/index.php?rest_route=\/wp\/v2\/pages\/593\/revisions"}],"predecessor-version":[{"id":655,"href":"https:\/\/bsv.bsv-riedlingen.de\/index.php?rest_route=\/wp\/v2\/pages\/593\/revisions\/655"}],"up":[{"embeddable":true,"href":"https:\/\/bsv.bsv-riedlingen.de\/index.php?rest_route=\/wp\/v2\/pages\/585"}],"wp:featuredmedia":[{"embeddable":true,"href":"https:\/\/bsv.bsv-riedlingen.de\/index.php?rest_route=\/wp\/v2\/media\/653"}],"wp:attachment":[{"href":"https:\/\/bsv.bsv-riedlingen.de\/index.php?rest_route=%2Fwp%2Fv2%2Fmedia&parent=593"}],"curies":[{"name":"wp","href":"https:\/\/api.w.org\/{rel}","templated":true}]}}