{"id":37,"date":"2020-04-05T12:19:45","date_gmt":"2020-04-05T12:19:45","guid":{"rendered":"http:\/\/bsv.bsv-riedlingen.de\/?page_id=37"},"modified":"2023-01-08T10:52:12","modified_gmt":"2023-01-08T10:52:12","slug":"jugend","status":"publish","type":"page","link":"https:\/\/bsv.bsv-riedlingen.de\/?page_id=37","title":{"rendered":"Jugend"},"content":{"rendered":"\n<p>Herzlich willkommen auf unserer Jugendseite. Wir Kinder und Jugendliche treffen uns regelm\u00e4\u00dfig zu verschiedenen Aktivit\u00e4ten mit und ohne Briefmarken.<\/p>\n\n\n\n<figure class=\"wp-block-image size-large\"><img loading=\"lazy\" decoding=\"async\" width=\"1024\" height=\"576\" src=\"https:\/\/bsv.bsv-riedlingen.de\/wp-content\/uploads\/2023\/01\/DSCF1855-1024x576.jpg\" alt=\"\" class=\"wp-image-1389\" srcset=\"https:\/\/bsv.bsv-riedlingen.de\/wp-content\/uploads\/2023\/01\/DSCF1855-1024x576.jpg 1024w, https:\/\/bsv.bsv-riedlingen.de\/wp-content\/uploads\/2023\/01\/DSCF1855-300x169.jpg 300w, https:\/\/bsv.bsv-riedlingen.de\/wp-content\/uploads\/2023\/01\/DSCF1855-768x432.jpg 768w, https:\/\/bsv.bsv-riedlingen.de\/wp-content\/uploads\/2023\/01\/DSCF1855-1536x864.jpg 1536w, https:\/\/bsv.bsv-riedlingen.de\/wp-content\/uploads\/2023\/01\/DSCF1855-2048x1152.jpg 2048w, https:\/\/bsv.bsv-riedlingen.de\/wp-content\/uploads\/2023\/01\/DSCF1855-1200x675.jpg 1200w\" sizes=\"auto, (max-width: 709px) 85vw, (max-width: 909px) 67vw, (max-width: 1362px) 62vw, 840px\" \/><\/figure>\n\n\n\n<p>Zum einen gibt es unsere monatliche Gruppenstunde im Familienzentrum in Riedlingen, wo wir etwas \u00fcber Briefmarken, Briefe und den Postransport erfahren und uns Briefe und Marken f\u00fcr unsere Sammlung aussuchen d\u00fcrfen.<\/p>\n\n\n\n<figure class=\"wp-block-image size-large\"><img loading=\"lazy\" decoding=\"async\" width=\"1024\" height=\"768\" src=\"https:\/\/bsv.bsv-riedlingen.de\/wp-content\/uploads\/2023\/01\/20221104_164150-1024x768.jpg\" alt=\"\" class=\"wp-image-1386\" srcset=\"https:\/\/bsv.bsv-riedlingen.de\/wp-content\/uploads\/2023\/01\/20221104_164150-1024x768.jpg 1024w, https:\/\/bsv.bsv-riedlingen.de\/wp-content\/uploads\/2023\/01\/20221104_164150-300x225.jpg 300w, https:\/\/bsv.bsv-riedlingen.de\/wp-content\/uploads\/2023\/01\/20221104_164150-768x576.jpg 768w, https:\/\/bsv.bsv-riedlingen.de\/wp-content\/uploads\/2023\/01\/20221104_164150-1536x1152.jpg 1536w, https:\/\/bsv.bsv-riedlingen.de\/wp-content\/uploads\/2023\/01\/20221104_164150-2048x1536.jpg 2048w, https:\/\/bsv.bsv-riedlingen.de\/wp-content\/uploads\/2023\/01\/20221104_164150-1200x900.jpg 1200w\" sizes=\"auto, (max-width: 709px) 85vw, (max-width: 909px) 67vw, (max-width: 1362px) 62vw, 840px\" \/><\/figure>\n\n\n\n<p>Zum anderen sind wir in der Gruppenstunde&nbsp;auch kreativ, besuchen die Postfiliale oder arbeiten an unserer Ausstellungssammlung. Es gibt sogar eine eigene Zeitschrift f\u00fcr junge Briefmarkenfans: <a href=\"http:\/\/www.dphj.de\/index.php?article_id=9\">http:\/\/www.dphj.de\/index.php?article_id=9<\/a><\/p>\n\n\n\n<figure class=\"wp-block-image size-large\"><img loading=\"lazy\" decoding=\"async\" width=\"1024\" height=\"768\" src=\"https:\/\/bsv.bsv-riedlingen.de\/wp-content\/uploads\/2023\/01\/20221029_100937-1024x768.jpg\" alt=\"\" class=\"wp-image-1388\" srcset=\"https:\/\/bsv.bsv-riedlingen.de\/wp-content\/uploads\/2023\/01\/20221029_100937-1024x768.jpg 1024w, https:\/\/bsv.bsv-riedlingen.de\/wp-content\/uploads\/2023\/01\/20221029_100937-300x225.jpg 300w, https:\/\/bsv.bsv-riedlingen.de\/wp-content\/uploads\/2023\/01\/20221029_100937-768x576.jpg 768w, https:\/\/bsv.bsv-riedlingen.de\/wp-content\/uploads\/2023\/01\/20221029_100937-1536x1152.jpg 1536w, https:\/\/bsv.bsv-riedlingen.de\/wp-content\/uploads\/2023\/01\/20221029_100937-2048x1536.jpg 2048w, https:\/\/bsv.bsv-riedlingen.de\/wp-content\/uploads\/2023\/01\/20221029_100937-1200x900.jpg 1200w\" sizes=\"auto, (max-width: 709px) 85vw, (max-width: 909px) 67vw, (max-width: 1362px) 62vw, 840px\" \/><\/figure>\n\n\n\n<p>Von der deutschen Philatelistenjugend waren schon Experten in Riedlingen, die uns erkl\u00e4rt haben, wie man Briefmarkenausstellungen gestaltet. Wisst Ihr, dass es in dieser Disziplin auch Deutsche Meisterschaften gibt?<\/p>\n\n\n\n<figure class=\"wp-block-image size-large\"><img loading=\"lazy\" decoding=\"async\" width=\"1024\" height=\"576\" src=\"https:\/\/bsv.bsv-riedlingen.de\/wp-content\/uploads\/2023\/01\/DSCF1889-1024x576.jpg\" alt=\"\" class=\"wp-image-1390\" srcset=\"https:\/\/bsv.bsv-riedlingen.de\/wp-content\/uploads\/2023\/01\/DSCF1889-1024x576.jpg 1024w, https:\/\/bsv.bsv-riedlingen.de\/wp-content\/uploads\/2023\/01\/DSCF1889-300x169.jpg 300w, https:\/\/bsv.bsv-riedlingen.de\/wp-content\/uploads\/2023\/01\/DSCF1889-768x432.jpg 768w, https:\/\/bsv.bsv-riedlingen.de\/wp-content\/uploads\/2023\/01\/DSCF1889-1536x864.jpg 1536w, https:\/\/bsv.bsv-riedlingen.de\/wp-content\/uploads\/2023\/01\/DSCF1889-2048x1152.jpg 2048w, https:\/\/bsv.bsv-riedlingen.de\/wp-content\/uploads\/2023\/01\/DSCF1889-1200x675.jpg 1200w\" sizes=\"auto, (max-width: 709px) 85vw, (max-width: 909px) 67vw, (max-width: 1362px) 62vw, 840px\" \/><\/figure>\n\n\n\n<p>Beim Ferienprogramm sind wir jedes Jahr dabei. Hier k\u00f6nnen Anf\u00e4nger den Umgang mit Pinzette und MICHEL-Katalog oder das richtige Abl\u00f6sen von Marken erlernen. Man kann dabei viele Briefmarken bekommen, denn zu Abschluss gibt es immer eine Spielauktion.<\/p>\n\n\n\n<figure class=\"wp-block-image size-large\"><img loading=\"lazy\" decoding=\"async\" width=\"1024\" height=\"768\" src=\"https:\/\/bsv.bsv-riedlingen.de\/wp-content\/uploads\/2023\/01\/IMG20221029121318-1024x768.jpg\" alt=\"\" class=\"wp-image-1391\" srcset=\"https:\/\/bsv.bsv-riedlingen.de\/wp-content\/uploads\/2023\/01\/IMG20221029121318-1024x768.jpg 1024w, https:\/\/bsv.bsv-riedlingen.de\/wp-content\/uploads\/2023\/01\/IMG20221029121318-300x225.jpg 300w, https:\/\/bsv.bsv-riedlingen.de\/wp-content\/uploads\/2023\/01\/IMG20221029121318-768x576.jpg 768w, https:\/\/bsv.bsv-riedlingen.de\/wp-content\/uploads\/2023\/01\/IMG20221029121318-1536x1152.jpg 1536w, https:\/\/bsv.bsv-riedlingen.de\/wp-content\/uploads\/2023\/01\/IMG20221029121318-2048x1536.jpg 2048w, https:\/\/bsv.bsv-riedlingen.de\/wp-content\/uploads\/2023\/01\/IMG20221029121318-1200x900.jpg 1200w\" sizes=\"auto, (max-width: 709px) 85vw, (max-width: 909px) 67vw, (max-width: 1362px) 62vw, 840px\" \/><\/figure>\n\n\n\n<p>Jedes Jahr finden verschiedene Briefmarkentauschtage und -messen, beispielsweise in Biberach, Trochtelfingen, N\u00fcrtingen, Friedrichshafen und Ulm statt. Bei vielen dieser Veranstaltungen gibt es ein Jugendprogramm bei dem es viel zu erleben gibt. Bei solchen Events gibt es nat\u00fcrlich auch viele M\u00f6glichkeiten die eigene Sammlung zu erg\u00e4nzen.<\/p>\n\n\n\n<figure class=\"wp-block-image size-large\"><img loading=\"lazy\" decoding=\"async\" width=\"1024\" height=\"768\" src=\"https:\/\/bsv.bsv-riedlingen.de\/wp-content\/uploads\/2023\/01\/2012_05_26-020-1024x768.jpg\" alt=\"\" class=\"wp-image-1392\" srcset=\"https:\/\/bsv.bsv-riedlingen.de\/wp-content\/uploads\/2023\/01\/2012_05_26-020-1024x768.jpg 1024w, https:\/\/bsv.bsv-riedlingen.de\/wp-content\/uploads\/2023\/01\/2012_05_26-020-300x225.jpg 300w, https:\/\/bsv.bsv-riedlingen.de\/wp-content\/uploads\/2023\/01\/2012_05_26-020-768x576.jpg 768w, https:\/\/bsv.bsv-riedlingen.de\/wp-content\/uploads\/2023\/01\/2012_05_26-020-1536x1152.jpg 1536w, https:\/\/bsv.bsv-riedlingen.de\/wp-content\/uploads\/2023\/01\/2012_05_26-020-2048x1536.jpg 2048w, https:\/\/bsv.bsv-riedlingen.de\/wp-content\/uploads\/2023\/01\/2012_05_26-020-1200x900.jpg 1200w\" sizes=\"auto, (max-width: 709px) 85vw, (max-width: 909px) 67vw, (max-width: 1362px) 62vw, 840px\" \/><\/figure>\n\n\n\n<p>Neben diesen Aktivit\u00e4ten gibt es noch jedes Jahr eine gemeinsames Jugendwochenende und einen Grillnachmittag. Ihr seht, Briefmarkensammeln ist mehr als nur die Besch\u00e4ftigung mit einem bunten Papier \u2013 Sammeln bildet und macht Spa\u00df!<\/p>\n","protected":false},"excerpt":{"rendered":"<p>Herzlich willkommen auf unserer Jugendseite. Wir Kinder und Jugendliche treffen uns regelm\u00e4\u00dfig zu verschiedenen Aktivit\u00e4ten mit und ohne Briefmarken. Zum einen gibt es unsere monatliche Gruppenstunde im Familienzentrum in Riedlingen, wo wir etwas \u00fcber Briefmarken, Briefe und den Postransport erfahren und uns Briefe und Marken f\u00fcr unsere Sammlung aussuchen d\u00fcrfen. Zum anderen sind wir in &hellip; <a href=\"https:\/\/bsv.bsv-riedlingen.de\/?page_id=37\" class=\"more-link\"><span class=\"screen-reader-text\">\u201eJugend\u201c <\/span>weiterlesen<\/a><\/p>\n","protected":false},"author":1,"featured_media":0,"parent":0,"menu_order":0,"comment_status":"closed","ping_status":"closed","template":"","meta":{"footnotes":""},"class_list":["post-37","page","type-page","status-publish","hentry"],"_links":{"self":[{"href":"https:\/\/bsv.bsv-riedlingen.de\/index.php?rest_route=\/wp\/v2\/pages\/37","targetHints":{"allow":["GET"]}}],"collection":[{"href":"https:\/\/bsv.bsv-riedlingen.de\/index.php?rest_route=\/wp\/v2\/pages"}],"about":[{"href":"https:\/\/bsv.bsv-riedlingen.de\/index.php?rest_route=\/wp\/v2\/types\/page"}],"author":[{"embeddable":true,"href":"https:\/\/bsv.bsv-riedlingen.de\/index.php?rest_route=\/wp\/v2\/users\/1"}],"replies":[{"embeddable":true,"href":"https:\/\/bsv.bsv-riedlingen.de\/index.php?rest_route=%2Fwp%2Fv2%2Fcomments&post=37"}],"version-history":[{"count":6,"href":"https:\/\/bsv.bsv-riedlingen.de\/index.php?rest_route=\/wp\/v2\/pages\/37\/revisions"}],"predecessor-version":[{"id":1395,"href":"https:\/\/bsv.bsv-riedlingen.de\/index.php?rest_route=\/wp\/v2\/pages\/37\/revisions\/1395"}],"wp:attachment":[{"href":"https:\/\/bsv.bsv-riedlingen.de\/index.php?rest_route=%2Fwp%2Fv2%2Fmedia&parent=37"}],"curies":[{"name":"wp","href":"https:\/\/api.w.org\/{rel}","templated":true}]}}