{"id":18,"date":"2020-04-04T19:04:03","date_gmt":"2020-04-04T19:04:03","guid":{"rendered":"http:\/\/bsv.bsv-riedlingen.de\/?page_id=18"},"modified":"2020-04-04T19:04:03","modified_gmt":"2020-04-04T19:04:03","slug":"satzung","status":"publish","type":"page","link":"https:\/\/bsv.bsv-riedlingen.de\/?page_id=18","title":{"rendered":"Satzung"},"content":{"rendered":"\n<p><strong>\u00a7 1 Name, Sitz und Aufgaben<br><\/strong><\/p>\n\n\n\n<p>Der Briefmarkensammlerverein Riedlingen `07 (nachfolgend kurz BSV Riedlingen genannt) hat seinen Sitz in Riedlingen. Er ist Mitglied im Landesverband S\u00fcdwestdeutscher Briefmarkensammlervereine e.V. (nachfolgend kurz LV genannt) und Mitglied im Bund Deutscher Philatelisten e.V. nachfolgend kurz BDPh genannt). Die Satzungen des LV und des BDPh werden anerkannt.<\/p>\n\n\n\n<p>Die Aufgaben des BSV Riedlingen sind:<br>a) die Pflege der wissenschaftlichen Philatelie<br>b) die Durchf\u00fchrung philatelistischer Veranstaltungen<br>c) die Pflege der philatelistischen Beziehungen zu weiteren Briefmarkensammlervereinen<br>d) die F\u00f6rderung der Jugendarbeit im Verein unter Einbeziehung des Landesring S\u00fcd-West e.V. der DPhJ sowie der Beachtung der gesetzlichen Rahmenbedingungen im Sinne des Jugendhilferechts<\/p>\n\n\n\n<p><strong>\u00a7 2 Mitgliedschaft<\/strong><\/p>\n\n\n\n<p>Mitglied im BSV Riedlingen kann jeder Briefmarkensammler werden, dessen Aufgabe und T\u00e4tigkeit den Grunds\u00e4tzen des BSV entspricht.<br>Antr\u00e4ge auf Erwerb der Mitgliedschaft sind schriftlich an den Vorstand des BSV Riedlingen einzureichen. Die Bewerber haben alle Ausk\u00fcnfte zu erteilen, die zur Feststellung ihrer Eignung als Mitglied notwendig erscheinen.<br>Sammler, die sich besondere Verdienste um die Philatelie erworben haben, k\u00f6nnen durch Beschluss des Vorstands zu Ehrenmitgliedern oder Ehrenvorsitzenden ernannt werden.<\/p>\n\n\n\n<p><strong>\u00a7 3 Rechte und Pflichten der Mitglieder<\/strong><\/p>\n\n\n\n<p>Den Mitgliedern des BSV Riedlingen stehen alle Einrichtungen des LV zur Verf\u00fcgung. Sie k\u00f6nnen an den in Riedlingen stattfindenden Tauschtreffen teilnehmen, Beratungen einholen und Fachinformationen austauschen. Die Mitglieder werden regelm\u00e4\u00dfig von weiteren Tauschangeboten im LV unterrichtet.<br>Die Mitglieder des BSV Riedlingen sind verpflichtet, den BSV Riedlingen in der Erf\u00fcllung seiner Aufgaben jederzeit zu unterst\u00fctzen, die Satzung des BSV und des LV einzuhalten und im Rahmen dieser Satzungen getroffene Entscheidungen und Entschl\u00fcsse durchzuf\u00fchren, insbesondere auch der Beitragspflicht nachzukommen.<\/p>\n\n\n\n<p><strong>\u00a7 4 Beendigung der Mitgliedschaft<\/strong><\/p>\n\n\n\n<p>Die Mitgliedschaft endet:<br>a) durch freiwilligen Austritt nach vorangegangener K\u00fcndigung, mittels eingeschriebenem Brief an den BSV-Vorstand unter Einhaltung einer Frist von 3 Monaten zum Schluss des Gesch\u00e4ftsjahres,<br>b) durch Tod<br>c) durch Ausschluss.<\/p>\n\n\n\n<p>Der Ausschluss eines BSV-Mitglieds erfolgt durch den BSV-Vorstand bei Versto\u00df gegen BSV-Belange, insbesondere auch wegen Nichtbezahlung der festgesetzten Beitr\u00e4ge.<\/p>\n\n\n\n<p><strong>\u00a7 5 Beitrag<\/strong><\/p>\n\n\n\n<p>Die BSV-Mitglieder zahlen einen Jahresbeitrag, welcher vom LV nach dessen Satzung festgelegt wird.<\/p>\n\n\n\n<p><strong>\u00a7 6 Organe<\/strong><\/p>\n\n\n\n<p>Organe sind:<br>a) Hauptversammlung<br>b) BSV-Vorstand, bestehend aus dem Vorsitzenden und dem Kassenwart<\/p>\n\n\n\n<p><strong>\u00a7 7 Hauptversammlung<\/strong><\/p>\n\n\n\n<ol class=\"wp-block-list\"><li>Alle zwei Jahre und zwar in den ersten 6 Monaten des Jahres beruft der BSV-Vorstand alle BSV-Mitglieder zur Hauptversammlung schriftlich ein.<\/li><li>Jedes Mitglied hat je eine Stimme<\/li><li>Die Hauptversammlung legt die allgemeinen Richtlinien f\u00fcr die Arbeit des BSV fest. Die Hauptversammlung nimmt den Gesch\u00e4ftsbericht des Vorsitzenden und den Kassenbericht des Kassenwartes entgegen und entlastet den Vorstand.<\/li><li>Die Hauptversammlung hat \u00fcber alle ihm satzungsgem\u00e4\u00df zustehenden Obliegenheiten mit einfacher Stimmen-Mehrheit zu beschlie\u00dfen. Nur Satzungs\u00e4nderungen bed\u00fcrfen einer 2\/3 Mehrheit der abgegebenen Stimmen. Die Hauptversammlung w\u00e4hlt den Vorsitzenden und den Kassenwart. Die Wahl kann auf einfache Weise durch Handzeichen erfolgen, auf Antrag muss sie geheim durchgef\u00fchrt werden. Jede ordnungsgem\u00e4\u00df einberufene Hauptversammlung ist beschlussf\u00e4hig.<\/li><li>Auf ein schriftliches Protokoll wird verzichtet, wenn kein Mitglied es bei der Hauptversammlung beantragt. Sollte ein Protokoll beantragt werden, ist dieses vom BSV-Vorsitzenden und vom Protokollf\u00fchrer zu unterzeichnen.<\/li><\/ol>\n\n\n\n<p><strong>\u00a7 8 BSV-Vorstand<\/strong><\/p>\n\n\n\n<ol class=\"wp-block-list\"><li>Die BSV-Gesch\u00e4ftsf\u00fchrung obliegt dem Vorstand. Er arbeitet ehrenamtlich ohne Kostenersatz.<\/li><li>Die Mitglieder des BSV-Vorstandes werden vom der Hauptversammlung auf 2 Jahre gew\u00e4hlt. Eine Wiederwahl ist zul\u00e4ssig. Vorzeitig ausscheidende Vorstandsmitglieder k\u00f6nnen nur auf Beschluss einer Hauptversammlung durch Neuwahl ersetzt werden. Bis dahin kann der verbleibende Vorstand eine kommissarische Besetzung dieser Stelle vornehmen.<\/li><\/ol>\n\n\n\n<p><strong>\u00a7 9 Vereinsaufl\u00f6sung<\/strong><\/p>\n\n\n\n<p>Die Vereinsaufl\u00f6sung kann auf einer au\u00dferordentlich einberufenen Hauptversammlung mit \u00be Mehrheit der erschienenen Mitglieder beschlossen und durch Abmeldung aller Mitglieder beim LV vollzogen werden.<\/p>\n\n\n\n<p><em>Die Satzung wurde auf der ersten Hauptversammlung am 12. Januar 2007 von den Mitgliedern Gerhart Aue, Christian Helfert, Roland Sonnenmoser und Max Spri\u00dfler beschlossen.<\/em><\/p>\n\n\n\n<p><em>Zum Vorsitzenden wurde gew\u00e4hlt: <strong>Christian Helfert<\/strong><\/em><br><em>Zum Kassenverwalter wurde gew\u00e4hlt: <strong>Roland Sonnenmoser<\/strong><\/em><\/p>\n\n\n\n<p><strong>Riedlingen, den 12. Januar 2007<\/strong><\/p>\n","protected":false},"excerpt":{"rendered":"<p>\u00a7 1 Name, Sitz und Aufgaben Der Briefmarkensammlerverein Riedlingen `07 (nachfolgend kurz BSV Riedlingen genannt) hat seinen Sitz in Riedlingen. Er ist Mitglied im Landesverband S\u00fcdwestdeutscher Briefmarkensammlervereine e.V. (nachfolgend kurz LV genannt) und Mitglied im Bund Deutscher Philatelisten e.V. nachfolgend kurz BDPh genannt). Die Satzungen des LV und des BDPh werden anerkannt. Die Aufgaben des &hellip; <a href=\"https:\/\/bsv.bsv-riedlingen.de\/?page_id=18\" class=\"more-link\"><span class=\"screen-reader-text\">\u201eSatzung\u201c <\/span>weiterlesen<\/a><\/p>\n","protected":false},"author":1,"featured_media":0,"parent":16,"menu_order":0,"comment_status":"closed","ping_status":"closed","template":"","meta":{"footnotes":""},"class_list":["post-18","page","type-page","status-publish","hentry"],"_links":{"self":[{"href":"https:\/\/bsv.bsv-riedlingen.de\/index.php?rest_route=\/wp\/v2\/pages\/18","targetHints":{"allow":["GET"]}}],"collection":[{"href":"https:\/\/bsv.bsv-riedlingen.de\/index.php?rest_route=\/wp\/v2\/pages"}],"about":[{"href":"https:\/\/bsv.bsv-riedlingen.de\/index.php?rest_route=\/wp\/v2\/types\/page"}],"author":[{"embeddable":true,"href":"https:\/\/bsv.bsv-riedlingen.de\/index.php?rest_route=\/wp\/v2\/users\/1"}],"replies":[{"embeddable":true,"href":"https:\/\/bsv.bsv-riedlingen.de\/index.php?rest_route=%2Fwp%2Fv2%2Fcomments&post=18"}],"version-history":[{"count":1,"href":"https:\/\/bsv.bsv-riedlingen.de\/index.php?rest_route=\/wp\/v2\/pages\/18\/revisions"}],"predecessor-version":[{"id":19,"href":"https:\/\/bsv.bsv-riedlingen.de\/index.php?rest_route=\/wp\/v2\/pages\/18\/revisions\/19"}],"up":[{"embeddable":true,"href":"https:\/\/bsv.bsv-riedlingen.de\/index.php?rest_route=\/wp\/v2\/pages\/16"}],"wp:attachment":[{"href":"https:\/\/bsv.bsv-riedlingen.de\/index.php?rest_route=%2Fwp%2Fv2%2Fmedia&parent=18"}],"curies":[{"name":"wp","href":"https:\/\/api.w.org\/{rel}","templated":true}]}}