{"id":16,"date":"2020-04-04T19:02:02","date_gmt":"2020-04-04T19:02:02","guid":{"rendered":"http:\/\/bsv.bsv-riedlingen.de\/?page_id=16"},"modified":"2023-01-07T15:56:31","modified_gmt":"2023-01-07T15:56:31","slug":"ueber-uns","status":"publish","type":"page","link":"https:\/\/bsv.bsv-riedlingen.de\/?page_id=16","title":{"rendered":"\u00dcber uns"},"content":{"rendered":"\n<p>Wir bieten:<\/p>\n\n\n\n<ul class=\"wp-block-list\">\n<li>jeden 1. Freitag im Monat einen Vereins- und Tauschabend im Gasthaus Metro in Riedlingen (die genauen Termine finden Sie <a href=\"http:\/\/bsv-riedlingen.de\/?page_id=15\">hier<\/a>)<\/li>\n\n\n\n<li>aktuelle Informationen \u00fcber Briefmarken und Sammelgebiete<\/li>\n\n\n\n<li>Beratung und Erfahrungsaustausch<\/li>\n\n\n\n<li>Mitnahmem\u00f6glichkeit zu \u00fcberregionalen Tauschtreffen und Briefmarkenmessen<\/li>\n\n\n\n<li>gem\u00fctliches Beisammensein<\/li>\n\n\n\n<li>einen j\u00e4hrlichen Grillabend mit unseren jugendlichen Sammlern<\/li>\n<\/ul>\n\n\n\n<p>Unsere Mitglieder erhalten:<\/p>\n\n\n\n<ul class=\"wp-block-list\">\n<li>die Fachzeitschrift <a href=\"http:\/\/www.bdph.de\/index.php?id=1422\" target=\"_blank\" rel=\"noreferrer noopener\">Philatelie <\/a>(10 Ausgaben pro Jahr)<\/li>\n\n\n\n<li>die Landesverbandszeitschrift S\u00fcdwest aktuell (4 x pro Jahr)<\/li>\n\n\n\n<li>Beratung durch erfahrene Philatelisten<\/li>\n\n\n\n<li>Hilfen beim Sammlungsaufbau<\/li>\n\n\n\n<li>Qualit\u00e4tspr\u00fcfung von Briefmarken<\/li>\n\n\n\n<li>Rechts- und Sammlerschutz<\/li>\n\n\n\n<li>kostenlosen Fachliteratur- und Katalogverleih<\/li>\n\n\n\n<li>Pr\u00fcfgerate zur Leihe (z.B. Wasserzeichenpr\u00fcfger\u00e4t)<\/li>\n\n\n\n<li>Tauschm\u00f6glichkeiten<\/li>\n\n\n\n<li>Spa\u00df am gemeinsamen Hobby<\/li>\n\n\n\n<li>Veranstaltung en wie z.B. Ausstellungen, Ausfl\u00fcge oder Grillfeste<\/li>\n\n\n\n<li>Weiterbildung durch kostenlose Seminare<\/li>\n\n\n\n<li>die Jahresgabe des BDPh<\/li>\n\n\n\n<li>verbilligten Eintritt zu den Veranstaltungen des BDPh<\/li>\n<\/ul>\n\n\n\n<p>Mitgliedsbeitrag: 20,- \u20ac pro Jahr (Jugendliche 12,- \u20ac)<\/p>\n","protected":false},"excerpt":{"rendered":"<p>Wir bieten: Unsere Mitglieder erhalten: Mitgliedsbeitrag: 20,- \u20ac pro Jahr (Jugendliche 12,- \u20ac)<\/p>\n","protected":false},"author":1,"featured_media":0,"parent":0,"menu_order":0,"comment_status":"closed","ping_status":"closed","template":"","meta":{"footnotes":""},"class_list":["post-16","page","type-page","status-publish","hentry"],"_links":{"self":[{"href":"https:\/\/bsv.bsv-riedlingen.de\/index.php?rest_route=\/wp\/v2\/pages\/16","targetHints":{"allow":["GET"]}}],"collection":[{"href":"https:\/\/bsv.bsv-riedlingen.de\/index.php?rest_route=\/wp\/v2\/pages"}],"about":[{"href":"https:\/\/bsv.bsv-riedlingen.de\/index.php?rest_route=\/wp\/v2\/types\/page"}],"author":[{"embeddable":true,"href":"https:\/\/bsv.bsv-riedlingen.de\/index.php?rest_route=\/wp\/v2\/users\/1"}],"replies":[{"embeddable":true,"href":"https:\/\/bsv.bsv-riedlingen.de\/index.php?rest_route=%2Fwp%2Fv2%2Fcomments&post=16"}],"version-history":[{"count":2,"href":"https:\/\/bsv.bsv-riedlingen.de\/index.php?rest_route=\/wp\/v2\/pages\/16\/revisions"}],"predecessor-version":[{"id":1375,"href":"https:\/\/bsv.bsv-riedlingen.de\/index.php?rest_route=\/wp\/v2\/pages\/16\/revisions\/1375"}],"wp:attachment":[{"href":"https:\/\/bsv.bsv-riedlingen.de\/index.php?rest_route=%2Fwp%2Fv2%2Fmedia&parent=16"}],"curies":[{"name":"wp","href":"https:\/\/api.w.org\/{rel}","templated":true}]}}