{"id":1486,"date":"2023-03-01T18:43:56","date_gmt":"2023-03-01T18:43:56","guid":{"rendered":"https:\/\/bsv.bsv-riedlingen.de\/?page_id=1486"},"modified":"2023-06-11T07:05:18","modified_gmt":"2023-06-11T07:05:18","slug":"nordrhein-westfalen","status":"publish","type":"page","link":"https:\/\/bsv.bsv-riedlingen.de\/?page_id=1486","title":{"rendered":"Nordrhein-Westfalen"},"content":{"rendered":"<h1>Industriekomplex Zeche Zollverein<\/h1>\n\n\n<div class=\"wp-block-columns is-layout-flex wp-container-core-columns-is-layout-9d6595d7 wp-block-columns-is-layout-flex\">\n<div class=\"wp-block-column is-layout-flow wp-block-column-is-layout-flow\">\n<figure class=\"wp-block-image size-full\"><img loading=\"lazy\" decoding=\"async\" width=\"502\" height=\"284\" src=\"https:\/\/bsv.bsv-riedlingen.de\/wp-content\/uploads\/2023\/06\/Marke-2023-Zeche-Zollverein.jpg\" alt=\"\" class=\"wp-image-1612\" srcset=\"https:\/\/bsv.bsv-riedlingen.de\/wp-content\/uploads\/2023\/06\/Marke-2023-Zeche-Zollverein.jpg 502w, https:\/\/bsv.bsv-riedlingen.de\/wp-content\/uploads\/2023\/06\/Marke-2023-Zeche-Zollverein-300x170.jpg 300w\" sizes=\"auto, (max-width: 502px) 85vw, 502px\" \/><figcaption class=\"wp-element-caption\">F\u00f6rdertum des Schacht 12 der Zeche <br>Erstausgabetag: 5. Januar 2023<br>Mi.-Nr.: 3739<\/figcaption><\/figure>\n<\/div>\n\n\n\n<div class=\"wp-block-column is-layout-flow wp-block-column-is-layout-flow\">\n<figure class=\"wp-block-image size-large\"><img loading=\"lazy\" decoding=\"async\" width=\"1024\" height=\"797\" src=\"https:\/\/bsv.bsv-riedlingen.de\/wp-content\/uploads\/2023\/06\/ESSEN_IBRA_Messe_Zollverein_DPP-1500x1168-1-1024x797.png\" alt=\"\" class=\"wp-image-1614\" srcset=\"https:\/\/bsv.bsv-riedlingen.de\/wp-content\/uploads\/2023\/06\/ESSEN_IBRA_Messe_Zollverein_DPP-1500x1168-1-1024x797.png 1024w, https:\/\/bsv.bsv-riedlingen.de\/wp-content\/uploads\/2023\/06\/ESSEN_IBRA_Messe_Zollverein_DPP-1500x1168-1-300x234.png 300w, https:\/\/bsv.bsv-riedlingen.de\/wp-content\/uploads\/2023\/06\/ESSEN_IBRA_Messe_Zollverein_DPP-1500x1168-1-768x598.png 768w, https:\/\/bsv.bsv-riedlingen.de\/wp-content\/uploads\/2023\/06\/ESSEN_IBRA_Messe_Zollverein_DPP-1500x1168-1-1200x934.png 1200w, https:\/\/bsv.bsv-riedlingen.de\/wp-content\/uploads\/2023\/06\/ESSEN_IBRA_Messe_Zollverein_DPP-1500x1168-1.png 1500w\" sizes=\"auto, (max-width: 709px) 85vw, (max-width: 909px) 67vw, (max-width: 1362px) 62vw, 840px\" \/><figcaption class=\"wp-element-caption\">Sonderstempel zur IBRA in Essen (25. &#8211; 28.5.2023)<\/figcaption><\/figure>\n<\/div>\n<\/div>\n\n\n\n<p>Von 1851 bis 1986 war die Zeche Zollverein in Essen als Steinkohlebergwerk aktiv. Die Gr\u00fcndung der Zeche ging von dem Industriellen&nbsp;<strong>Franz Haniel<\/strong> aus, der zur Produktion des Brennstoffs Koks, den er f\u00fcr die Stahlerzeugung ben\u00f6tigte, auf der Suche nach geeigneten Kokskohlevorkommen war. Zuerst wurden auf dem 100 ha gro\u00dfen Gebiet mehrere Sch\u00e4chte angelegt, bis dann 1928 mit dem Bau von Schacht 12 begonnen wurde. Vier Jahre dauerte die Bauzeit. Das Ergebnis war ein 55 Meter hoher aus 2 Winden bestehender, weithin sichtbarer und markanter,  F\u00f6rderturm. Dieser konnte bis zu 12 000 t. Kohle pro Tag f\u00f6rdern. Nirgends auf der Welt gab es eine gr\u00f6\u00dfere Anlage.<\/p>\n\n\n\n<figure class=\"wp-block-image size-full\"><img loading=\"lazy\" decoding=\"async\" width=\"807\" height=\"183\" src=\"https:\/\/bsv.bsv-riedlingen.de\/wp-content\/uploads\/2023\/06\/Marke-1957-Zeche-Zollverein.jpg\" alt=\"\" class=\"wp-image-1615\" srcset=\"https:\/\/bsv.bsv-riedlingen.de\/wp-content\/uploads\/2023\/06\/Marke-1957-Zeche-Zollverein.jpg 807w, https:\/\/bsv.bsv-riedlingen.de\/wp-content\/uploads\/2023\/06\/Marke-1957-Zeche-Zollverein-300x68.jpg 300w, https:\/\/bsv.bsv-riedlingen.de\/wp-content\/uploads\/2023\/06\/Marke-1957-Zeche-Zollverein-768x174.jpg 768w\" sizes=\"auto, (max-width: 807px) 85vw, 807px\" \/><figcaption class=\"wp-element-caption\">Wohlfahrtsmarken: Kohlebergbau  <br>Bergmann mit Grubenlampe\/ &#8211; mit Abbauhammer \/ &#8211; am Kohlehobel \/ &#8211; am F\u00f6rderschacht<br>Ersttag: 1. Oktober 1957 &#8211; Mi.-Nr.: 270 &#8211; 273<\/figcaption><\/figure>\n\n\n\n<p>Aus einer Tiefe von 600 m wurden 10 Tonnen Material, Kohle und Steine, pro Minute mit 12 F\u00f6rderwagen heraufbef\u00f6rdert. 18 m pro Sekunde war die max. Geschwindigkeit mit der die Wagen nach oben fuhren. Menschen wurden mit max. 12 m pro Sekunde bef\u00f6rdert.<\/p>\n\n\n\n<p>F\u00fcr die Menschen war die Arbeit schwer und nicht gefahrlos. Die Wohlfahrtsmarkenserie von 1957 zeigt die Arbeit und ehrt die Menschen die diese verrichteten.<\/p>\n\n\n\n<figure class=\"wp-block-image size-full\"><img loading=\"lazy\" decoding=\"async\" width=\"948\" height=\"668\" src=\"https:\/\/bsv.bsv-riedlingen.de\/wp-content\/uploads\/2023\/06\/Ganzsache-Zeche-Zollverein.jpg\" alt=\"\" class=\"wp-image-1616\" srcset=\"https:\/\/bsv.bsv-riedlingen.de\/wp-content\/uploads\/2023\/06\/Ganzsache-Zeche-Zollverein.jpg 948w, https:\/\/bsv.bsv-riedlingen.de\/wp-content\/uploads\/2023\/06\/Ganzsache-Zeche-Zollverein-300x211.jpg 300w, https:\/\/bsv.bsv-riedlingen.de\/wp-content\/uploads\/2023\/06\/Ganzsache-Zeche-Zollverein-768x541.jpg 768w\" sizes=\"auto, (max-width: 709px) 85vw, (max-width: 909px) 67vw, (max-width: 1362px) 62vw, 840px\" \/><figcaption class=\"wp-element-caption\">Ganzsache von der Internationalen Briefmarkenmesse (IBRA) in Essen vom 25.-28.Mai 2023 <br>Die Ganzsache ist mit dem Porto f\u00fcr internationale Briefsendungen vor frankiert und mit dem Sonderstempel der IBRA abgestempelt. Echt gelaufen von Essen nach Thayngen(Schweiz).<\/figcaption><\/figure>\n\n\n\n<p>1986 kaufte das Land Nordrhein-Westfalen die Anlage und stellte sie unter Denkmalschutz. Heute ist die Zeche eine Stiftung und wird als Kultur- und Wirtschaftsstandort genutzt. Ein hier integriertes Museum zeigt einige der Aspekte des Bergbaus und der Geschichte dieser Anlage. <\/p>\n\n\n\n<div class=\"wp-block-columns is-layout-flex wp-container-core-columns-is-layout-9d6595d7 wp-block-columns-is-layout-flex\">\n<div class=\"wp-block-column is-layout-flow wp-block-column-is-layout-flow\" style=\"flex-basis:66.66%\">\n<figure class=\"wp-block-image size-full\"><img loading=\"lazy\" decoding=\"async\" width=\"698\" height=\"996\" src=\"https:\/\/bsv.bsv-riedlingen.de\/wp-content\/uploads\/2023\/06\/PK-Zeche-Zollverein.jpg\" alt=\"\" class=\"wp-image-1617\" srcset=\"https:\/\/bsv.bsv-riedlingen.de\/wp-content\/uploads\/2023\/06\/PK-Zeche-Zollverein.jpg 698w, https:\/\/bsv.bsv-riedlingen.de\/wp-content\/uploads\/2023\/06\/PK-Zeche-Zollverein-210x300.jpg 210w\" sizes=\"auto, (max-width: 698px) 85vw, 698px\" \/><figcaption class=\"wp-element-caption\">Postkarte des F\u00f6rderturms von Schacht 12<\/figcaption><\/figure>\n<\/div>\n\n\n\n<div class=\"wp-block-column is-layout-flow wp-block-column-is-layout-flow\" style=\"flex-basis:33.33%\">\n<figure class=\"wp-block-image size-full\"><img loading=\"lazy\" decoding=\"async\" width=\"183\" height=\"241\" src=\"https:\/\/bsv.bsv-riedlingen.de\/wp-content\/uploads\/2023\/06\/Marke-Japan-Zeche-Zollverein.jpg\" alt=\"\" class=\"wp-image-1618\"\/><figcaption class=\"wp-element-caption\">Japanische Marke mit dem markanten F\u00f6rderturm. Ausgabejahr 2011<\/figcaption><\/figure>\n\n\n\n<p><\/p>\n<\/div>\n<\/div>\n\n\n\n<p>Im Jahre 2001 wurden die Schachtanlagen 12 und 1\/2\/8, sowie die Kokerei in die Liste des &#8222;UNESCO &#8211; Weltkultur- und Naturerbes&#8220; \u00fcbernommen.<\/p>\n\n\n\n<p>Der Name Zeche Zollverein wurde gew\u00e4hlt, weil der Zollverein eine wichtige Organisation im 19. Jahrhundert war, die die Z\u00f6lle in den unterschiedlichen deutschen L\u00e4ndern vereinheitlichen und den Handel erleichtern sollte. Der Industrielle Haniel hatte gro\u00dfes Interesse an diesem Verein und nannte seine Schachtanlage, sozusagen als Werbung, Zollverein.<\/p>\n\n\n\n<div class=\"wp-block-media-text alignwide is-stacked-on-mobile\"><figure class=\"wp-block-media-text__media\"><img loading=\"lazy\" decoding=\"async\" width=\"338\" height=\"216\" src=\"https:\/\/bsv.bsv-riedlingen.de\/wp-content\/uploads\/2023\/06\/Marke-2003-Industriegebiet-Ruhrgebiet-1.jpg\" alt=\"\" class=\"wp-image-1620 size-full\" srcset=\"https:\/\/bsv.bsv-riedlingen.de\/wp-content\/uploads\/2023\/06\/Marke-2003-Industriegebiet-Ruhrgebiet-1.jpg 338w, https:\/\/bsv.bsv-riedlingen.de\/wp-content\/uploads\/2023\/06\/Marke-2003-Industriegebiet-Ruhrgebiet-1-300x192.jpg 300w\" sizes=\"auto, (max-width: 338px) 85vw, 338px\" \/><\/figure><div class=\"wp-block-media-text__content\">\n<p class=\"has-text-align-left\">Bilder aus Deutschland Industrielandschaft Ruhrgebiet Zeche Zollverein <\/p>\n\n\n\n<p class=\"has-text-align-left\">Erstausgabetag: 10. Juli 2003<\/p>\n\n\n\n<p class=\"has-text-align-left\">Mi.-Nr.: 2355<\/p>\n<\/div><\/div>\n\n\n\n<div class=\"wp-block-media-text alignwide is-stacked-on-mobile\" style=\"grid-template-columns:70% auto\"><figure class=\"wp-block-media-text__media\"><img loading=\"lazy\" decoding=\"async\" width=\"768\" height=\"1024\" src=\"https:\/\/bsv.bsv-riedlingen.de\/wp-content\/uploads\/2023\/06\/20230527_140104-768x1024.jpg\" alt=\"\" class=\"wp-image-1621 size-full\" srcset=\"https:\/\/bsv.bsv-riedlingen.de\/wp-content\/uploads\/2023\/06\/20230527_140104-768x1024.jpg 768w, https:\/\/bsv.bsv-riedlingen.de\/wp-content\/uploads\/2023\/06\/20230527_140104-225x300.jpg 225w, https:\/\/bsv.bsv-riedlingen.de\/wp-content\/uploads\/2023\/06\/20230527_140104-1152x1536.jpg 1152w, https:\/\/bsv.bsv-riedlingen.de\/wp-content\/uploads\/2023\/06\/20230527_140104-1536x2048.jpg 1536w, https:\/\/bsv.bsv-riedlingen.de\/wp-content\/uploads\/2023\/06\/20230527_140104-1200x1600.jpg 1200w, https:\/\/bsv.bsv-riedlingen.de\/wp-content\/uploads\/2023\/06\/20230527_140104-scaled.jpg 1920w\" sizes=\"auto, (max-width: 768px) 85vw, 768px\" \/><\/figure><div class=\"wp-block-media-text__content\">\nEine Abordnung der Jugendgruppe des Briefmarkenvereins Riedlingen besuchte im Rahmen ihres Ausfluges zur IBRA in Essen die Zeche Zollverein.\n\n\n\nDie Jugendlichen und Erwachsenen erlebten hier einige interessante Stunden. \nBei einer F\u00fchrung wurde ihnen die Geschichte der Anlage n\u00e4her gebracht und die beschwerliche Arbeit auf der Zeche erkl\u00e4rt.\n<\/div><\/div>\n\n\n\n<div class=\"wp-block-media-text alignwide is-stacked-on-mobile\" style=\"grid-template-columns:27% auto\"><figure class=\"wp-block-media-text__media\"><img loading=\"lazy\" decoding=\"async\" width=\"143\" height=\"164\" src=\"https:\/\/bsv.bsv-riedlingen.de\/wp-content\/uploads\/2023\/06\/Marke-1987-Zeche-Zollern-II-Dortmund.jpg\" alt=\"\" class=\"wp-image-1631 size-full\"\/><\/figure><div class=\"wp-block-media-text__content\">\n<p>\u00dcbrigens: Die Freimarkenserie &#8218;<strong>Sehensw\u00fcrdigkeiten<\/strong>&#8218; zeigt auf der 80 Pf. Marke auch eine Zeche. Hier ist das  &#8222;<strong>Hauptportal der Zeche Zollern II. in Dortmund<\/strong>&#8220; abgebildet. <\/p>\n\n\n\n<p>Ersttag: 6. Nov. 1987 <\/p>\n<\/div><\/div>\n","protected":false},"excerpt":{"rendered":"<p>Industriekomplex Zeche Zollverein Von 1851 bis 1986 war die Zeche Zollverein in Essen als Steinkohlebergwerk aktiv. Die Gr\u00fcndung der Zeche ging von dem Industriellen&nbsp;Franz Haniel aus, der zur Produktion des Brennstoffs Koks, den er f\u00fcr die Stahlerzeugung ben\u00f6tigte, auf der Suche nach geeigneten Kokskohlevorkommen war. Zuerst wurden auf dem 100 ha gro\u00dfen Gebiet mehrere Sch\u00e4chte &hellip; <a href=\"https:\/\/bsv.bsv-riedlingen.de\/?page_id=1486\" class=\"more-link\"><span class=\"screen-reader-text\">\u201eNordrhein-Westfalen\u201c <\/span>weiterlesen<\/a><\/p>\n","protected":false},"author":1,"featured_media":0,"parent":1462,"menu_order":9,"comment_status":"closed","ping_status":"closed","template":"","meta":{"footnotes":""},"class_list":["post-1486","page","type-page","status-publish","hentry"],"_links":{"self":[{"href":"https:\/\/bsv.bsv-riedlingen.de\/index.php?rest_route=\/wp\/v2\/pages\/1486","targetHints":{"allow":["GET"]}}],"collection":[{"href":"https:\/\/bsv.bsv-riedlingen.de\/index.php?rest_route=\/wp\/v2\/pages"}],"about":[{"href":"https:\/\/bsv.bsv-riedlingen.de\/index.php?rest_route=\/wp\/v2\/types\/page"}],"author":[{"embeddable":true,"href":"https:\/\/bsv.bsv-riedlingen.de\/index.php?rest_route=\/wp\/v2\/users\/1"}],"replies":[{"embeddable":true,"href":"https:\/\/bsv.bsv-riedlingen.de\/index.php?rest_route=%2Fwp%2Fv2%2Fcomments&post=1486"}],"version-history":[{"count":11,"href":"https:\/\/bsv.bsv-riedlingen.de\/index.php?rest_route=\/wp\/v2\/pages\/1486\/revisions"}],"predecessor-version":[{"id":1636,"href":"https:\/\/bsv.bsv-riedlingen.de\/index.php?rest_route=\/wp\/v2\/pages\/1486\/revisions\/1636"}],"up":[{"embeddable":true,"href":"https:\/\/bsv.bsv-riedlingen.de\/index.php?rest_route=\/wp\/v2\/pages\/1462"}],"wp:attachment":[{"href":"https:\/\/bsv.bsv-riedlingen.de\/index.php?rest_route=%2Fwp%2Fv2%2Fmedia&parent=1486"}],"curies":[{"name":"wp","href":"https:\/\/api.w.org\/{rel}","templated":true}]}}