{"id":1464,"date":"2023-03-01T18:33:42","date_gmt":"2023-03-01T18:33:42","guid":{"rendered":"https:\/\/bsv.bsv-riedlingen.de\/?page_id=1464"},"modified":"2023-06-18T16:44:26","modified_gmt":"2023-06-18T16:44:26","slug":"baden-wuerttemberg","status":"publish","type":"page","link":"https:\/\/bsv.bsv-riedlingen.de\/?page_id=1464","title":{"rendered":"Baden-W\u00fcrttemberg"},"content":{"rendered":"\n<ul class=\"wp-block-list\">\n<li>Klosterinsel Reichenau<\/li>\n\n\n\n<li>Zisterzienserkloster Maulbronn<\/li>\n\n\n\n<li>Obergermanisch &#8211; Raetischer Limes<\/li>\n<\/ul>\n\n\n\n<h2 class=\"wp-block-heading\">Klosterinsel Reichenau<\/h2>\n\n\n<div id=\"pl-gb1464-69de2a76880de\"  class=\"panel-layout\" ><div id=\"pg-gb1464-69de2a76880de-0\"  class=\"panel-grid panel-no-style\" ><div id=\"pgc-gb1464-69de2a76880de-0-0\"  class=\"panel-grid-cell\" ><div id=\"panel-gb1464-69de2a76880de-0-0-0\" class=\"so-panel widget_media_image panel-first-child panel-last-child\" data-index=\"0\" ><figure style=\"width: 230px\" class=\"wp-caption alignnone\"><img loading=\"lazy\" decoding=\"async\" width=\"230\" height=\"228\" src=\"https:\/\/bsv.bsv-riedlingen.de\/wp-content\/uploads\/2023\/02\/09-Reichenau-Marke-nassklebend-1.jpg\" class=\"image wp-image-1429  attachment-full size-full\" alt=\"\" style=\"max-width: 100%; height: auto;\" srcset=\"https:\/\/bsv.bsv-riedlingen.de\/wp-content\/uploads\/2023\/02\/09-Reichenau-Marke-nassklebend-1.jpg 230w, https:\/\/bsv.bsv-riedlingen.de\/wp-content\/uploads\/2023\/02\/09-Reichenau-Marke-nassklebend-1-150x150.jpg 150w\" sizes=\"auto, (max-width: 230px) 85vw, 230px\" \/><figcaption class=\"wp-caption-text\">Erstausgabetag:  02. Januar 2008\nMichel-Nummern:  2637 (na\u00dfklenbend)<\/figcaption><\/figure><\/div><\/div><div id=\"pgc-gb1464-69de2a76880de-0-1\"  class=\"panel-grid-cell\" ><div id=\"panel-gb1464-69de2a76880de-0-1-0\" class=\"so-panel widget_media_image panel-first-child panel-last-child\" data-index=\"1\" ><figure style=\"width: 448px\" class=\"wp-caption alignnone\"><img loading=\"lazy\" decoding=\"async\" width=\"448\" height=\"244\" src=\"https:\/\/bsv.bsv-riedlingen.de\/wp-content\/uploads\/2023\/02\/01-Stempel-Reichenau-2Jan2008-und-Marke.jpg\" class=\"image wp-image-1431  attachment-full size-full\" alt=\"\" style=\"max-width: 100%; height: auto;\" srcset=\"https:\/\/bsv.bsv-riedlingen.de\/wp-content\/uploads\/2023\/02\/01-Stempel-Reichenau-2Jan2008-und-Marke.jpg 448w, https:\/\/bsv.bsv-riedlingen.de\/wp-content\/uploads\/2023\/02\/01-Stempel-Reichenau-2Jan2008-und-Marke-300x163.jpg 300w\" sizes=\"auto, (max-width: 448px) 85vw, 448px\" \/><figcaption class=\"wp-caption-text\">Ersttagsstempel &#8218;Klosterinsel Reichenau&#8216; mit selbstklebender Marke (Michel.-Nr.2642)<\/figcaption><\/figure><\/div><\/div><\/div><\/div>\n\n\n<p>724 gr\u00fcndete der Wanderbischof Pirmin auf der \u201areichen Au\u2018, einer Insel im westlichen Teil des Bodensees, ein Kloster. Im Jahre 2000, 1276 Jahre sp\u00e4ter, wurde das Kloster, in die Reihe der wichtigsten Weltkulturg\u00fcter der UNESCO Welterbeliste, als Klosterinsel Reichenau aufgenommen.<\/p>\n\n\n\n<p>Mehr als drei Jahrhunderte, zwischen 800 und 1100, lag hier eines der geistigen und kulturellen Zentren des Heiligen R\u00f6mischen Reiches. Handschriften aus dieser Zeit geh\u00f6ren zum Wertvollsten was wir heute besitzen. Die drei gut erhaltenen romanischen Kirchen sind hervorragende Beispiele kl\u00f6sterlicher, romanischer Architektur des fr\u00fchen Mittelalters.<\/p>\n\n\n\n<p>Mit ausgehendem Mittelalter verlor das Kloster an Einflu\u00df. 1757 wurde es aufgel\u00f6st. Heute kennt man die Insel Reichenau als Gem\u00fcseinsel und Ausflugsziel.<\/p>\n\n\n\n<figure class=\"wp-block-image size-full\"><img loading=\"lazy\" decoding=\"async\" width=\"860\" height=\"608\" src=\"https:\/\/bsv.bsv-riedlingen.de\/wp-content\/uploads\/2023\/02\/05-Postkarte-Reichenau-2008.jpg\" alt=\"\" class=\"wp-image-1432\" srcset=\"https:\/\/bsv.bsv-riedlingen.de\/wp-content\/uploads\/2023\/02\/05-Postkarte-Reichenau-2008.jpg 860w, https:\/\/bsv.bsv-riedlingen.de\/wp-content\/uploads\/2023\/02\/05-Postkarte-Reichenau-2008-300x212.jpg 300w, https:\/\/bsv.bsv-riedlingen.de\/wp-content\/uploads\/2023\/02\/05-Postkarte-Reichenau-2008-768x543.jpg 768w\" sizes=\"auto, (max-width: 709px) 85vw, (max-width: 909px) 67vw, (max-width: 1362px) 62vw, 840px\" \/><figcaption class=\"wp-element-caption\">Postkarte mit der historischen Ansicht der Reichenau.<br> Das \u00d6lgem\u00e4lde von 1624 zeigt die Insel Reichenau mit der Ankunft Pirmins im Jahr 724.  Pirmin ist im Boot zu sehen.<\/figcaption><\/figure>\n\n\n\n<p><\/p>\n\n\n<div class=\"wp-block-image\">\n<figure class=\"aligncenter size-full is-resized\"><img loading=\"lazy\" decoding=\"async\" src=\"https:\/\/bsv.bsv-riedlingen.de\/wp-content\/uploads\/2023\/02\/07-Stempel-Reichenau-28Sept1987.jpg\" alt=\"\" class=\"wp-image-1433\" width=\"499\" height=\"458\" srcset=\"https:\/\/bsv.bsv-riedlingen.de\/wp-content\/uploads\/2023\/02\/07-Stempel-Reichenau-28Sept1987.jpg 359w, https:\/\/bsv.bsv-riedlingen.de\/wp-content\/uploads\/2023\/02\/07-Stempel-Reichenau-28Sept1987-300x276.jpg 300w\" sizes=\"auto, (max-width: 499px) 85vw, 499px\" \/><figcaption class=\"wp-element-caption\">Stempel von der Insel Reichenau mit der Klosterkirche St. Peter und Paul, Mittelzell.<\/figcaption><\/figure>\n<\/div>\n\n\n<div class=\"wp-block-media-text alignwide is-stacked-on-mobile\" style=\"grid-template-columns:62% auto\"><figure class=\"wp-block-media-text__media\"><img loading=\"lazy\" decoding=\"async\" width=\"495\" height=\"396\" src=\"https:\/\/bsv.bsv-riedlingen.de\/wp-content\/uploads\/2023\/02\/10-Stempel-2Jan2008-und-Marke.jpg\" alt=\"\" class=\"wp-image-1438 size-full\" srcset=\"https:\/\/bsv.bsv-riedlingen.de\/wp-content\/uploads\/2023\/02\/10-Stempel-2Jan2008-und-Marke.jpg 495w, https:\/\/bsv.bsv-riedlingen.de\/wp-content\/uploads\/2023\/02\/10-Stempel-2Jan2008-und-Marke-300x240.jpg 300w\" sizes=\"auto, (max-width: 495px) 85vw, 495px\" \/><\/figure><div class=\"wp-block-media-text__content\">\n<p><font size=\"2\">Die am 2. Januar 2008 herausgegebene Briefmarke zum Welterbe zeigt die Klosterinsel mit seinen drei Kirchen. Die kleinen Bilder unten  sind ein Teilausschnitt aus einem liturgischen Lesebuch (links) und eine gotische Wandmalerei (rechts).\n<br>\n<br>\nAmtliche Ersttagsstempel Bonn und Berlin <\/font><\/p>\n<\/div><\/div>\n\n\n\n<figure class=\"wp-block-image size-full\"><img loading=\"lazy\" decoding=\"async\" width=\"606\" height=\"854\" src=\"https:\/\/bsv.bsv-riedlingen.de\/wp-content\/uploads\/2023\/02\/04-Postkarte-Reichenau-um-1920.jpg\" alt=\"\" class=\"wp-image-1446\" srcset=\"https:\/\/bsv.bsv-riedlingen.de\/wp-content\/uploads\/2023\/02\/04-Postkarte-Reichenau-um-1920.jpg 606w, https:\/\/bsv.bsv-riedlingen.de\/wp-content\/uploads\/2023\/02\/04-Postkarte-Reichenau-um-1920-213x300.jpg 213w\" sizes=\"auto, (max-width: 606px) 85vw, 606px\" \/><figcaption class=\"wp-element-caption\">Postkarte um 1920 &#8211; Westpartie der Basilika St. Georg (9. Jahrhundert) in Oberzell<\/figcaption><\/figure>\n\n\n\n<figure class=\"wp-block-image size-large\"><img loading=\"lazy\" decoding=\"async\" width=\"1024\" height=\"668\" src=\"https:\/\/bsv.bsv-riedlingen.de\/wp-content\/uploads\/2023\/02\/11-Reichenau-2008-SZ-1-1024x668.jpg\" alt=\"\" class=\"wp-image-1451\" srcset=\"https:\/\/bsv.bsv-riedlingen.de\/wp-content\/uploads\/2023\/02\/11-Reichenau-2008-SZ-1-1024x668.jpg 1024w, https:\/\/bsv.bsv-riedlingen.de\/wp-content\/uploads\/2023\/02\/11-Reichenau-2008-SZ-1-300x196.jpg 300w, https:\/\/bsv.bsv-riedlingen.de\/wp-content\/uploads\/2023\/02\/11-Reichenau-2008-SZ-1-768x501.jpg 768w, https:\/\/bsv.bsv-riedlingen.de\/wp-content\/uploads\/2023\/02\/11-Reichenau-2008-SZ-1-1200x782.jpg 1200w, https:\/\/bsv.bsv-riedlingen.de\/wp-content\/uploads\/2023\/02\/11-Reichenau-2008-SZ-1.jpg 1276w\" sizes=\"auto, (max-width: 709px) 85vw, (max-width: 909px) 67vw, (max-width: 1362px) 62vw, 840px\" \/><figcaption class=\"wp-element-caption\">Bild aus der SZ 2008 &#8211; zur Ernennung der Klosterinsel Reichenau in die UNESCO Welterbeliste<\/figcaption><\/figure>\n\n\n\n<h2 class=\"wp-block-heading\">Zisterzienserkloster Maulbronn<\/h2>\n\n\n\n<div class=\"wp-block-media-text alignwide is-stacked-on-mobile\"><figure class=\"wp-block-media-text__media\"><img loading=\"lazy\" decoding=\"async\" width=\"247\" height=\"232\" src=\"https:\/\/bsv.bsv-riedlingen.de\/wp-content\/uploads\/2023\/03\/1998-Marke-Maulbronn.jpg\" alt=\"\" class=\"wp-image-1530 size-full\"\/><\/figure><div class=\"wp-block-media-text__content\">\n<p>Kloster Maulbronn<\/p>\n\n\n\n<p>Ausgabetag: 22. Januar 1998<\/p>\n\n\n\n<p>Michel.-Nr.: 1966<\/p>\n\n\n\n<p>Motiv: S\u00fcdseite der Klosterkirche Lageplan der Klosteranlage<\/p>\n<\/div><\/div>\n\n\n\n<p>Die ab <strong>1147<\/strong> errichtete Zisterzienserabtei Kloster Maulbronn liegt eingebettet in die sanfte H\u00fcgellandschaft des Strombergs.Hier wurde das gotische Konstruktionsprinzip zm ersten Mal im deutschsprachigen Raum umgesetzt. 1993 wurde das Kloster in die Welterbeliste der UNESCO aufgenommen.<\/p>\n\n\n\n<p>In dem von mittelalterlichen Mauern und T\u00fcrmen umschlossenen Klosterhof findet sich ein imposantes Ensemble unterschiedlichster Geb\u00e4ude. Zu den architektonischen H\u00f6hepunkten geh\u00f6ren neben der romanischen Klosterkirche der gotische Kreuzgang und das Brunnenhaus innerhalb der Klausur.<\/p>\n\n\n\n<p>Nach der Reformation lie\u00df Herzog Christoph von W\u00fcrttemberg <strong>1556<\/strong> hier eine evangelische Klosterschule einrichten, die noch heute besteht. Ber\u00fchmte Klostersch\u00fcler waren: <strong>Johannes Keppler, Friedrich H\u00f6lderlin und Hermann Hesse.<\/strong><\/p>\n\n\n\n<figure class=\"wp-block-image size-full\"><img loading=\"lazy\" decoding=\"async\" width=\"862\" height=\"606\" src=\"https:\/\/bsv.bsv-riedlingen.de\/wp-content\/uploads\/2023\/03\/1998-Maxikarte-Maulbronn.jpg\" alt=\"\" class=\"wp-image-1532\" srcset=\"https:\/\/bsv.bsv-riedlingen.de\/wp-content\/uploads\/2023\/03\/1998-Maxikarte-Maulbronn.jpg 862w, https:\/\/bsv.bsv-riedlingen.de\/wp-content\/uploads\/2023\/03\/1998-Maxikarte-Maulbronn-300x211.jpg 300w, https:\/\/bsv.bsv-riedlingen.de\/wp-content\/uploads\/2023\/03\/1998-Maxikarte-Maulbronn-768x540.jpg 768w\" sizes=\"auto, (max-width: 709px) 85vw, (max-width: 909px) 67vw, (max-width: 1362px) 62vw, 840px\" \/><figcaption class=\"wp-element-caption\">Maximumkarte mit dem Bild der romanischen Klosterkirche und Ersttags -Sonderstempel<\/figcaption><\/figure>\n\n\n\n<figure class=\"wp-block-image size-full\"><img loading=\"lazy\" decoding=\"async\" width=\"976\" height=\"690\" src=\"https:\/\/bsv.bsv-riedlingen.de\/wp-content\/uploads\/2023\/03\/1998-FDC-Maulbronn.jpg\" alt=\"\" class=\"wp-image-1533\" srcset=\"https:\/\/bsv.bsv-riedlingen.de\/wp-content\/uploads\/2023\/03\/1998-FDC-Maulbronn.jpg 976w, https:\/\/bsv.bsv-riedlingen.de\/wp-content\/uploads\/2023\/03\/1998-FDC-Maulbronn-300x212.jpg 300w, https:\/\/bsv.bsv-riedlingen.de\/wp-content\/uploads\/2023\/03\/1998-FDC-Maulbronn-768x543.jpg 768w\" sizes=\"auto, (max-width: 709px) 85vw, (max-width: 909px) 67vw, (max-width: 1362px) 62vw, 840px\" \/><figcaption class=\"wp-element-caption\">Ersttagsbrief &#8218;Kloster Maulbronn&#8216; mit Sonderstempel<\/figcaption><\/figure>\n\n\n\n<figure class=\"wp-block-image size-full\"><img loading=\"lazy\" decoding=\"async\" width=\"550\" height=\"837\" src=\"https:\/\/bsv.bsv-riedlingen.de\/wp-content\/uploads\/2023\/03\/1998-PK-Maulbronn-1930.jpg\" alt=\"\" class=\"wp-image-1534\" srcset=\"https:\/\/bsv.bsv-riedlingen.de\/wp-content\/uploads\/2023\/03\/1998-PK-Maulbronn-1930.jpg 550w, https:\/\/bsv.bsv-riedlingen.de\/wp-content\/uploads\/2023\/03\/1998-PK-Maulbronn-1930-197x300.jpg 197w\" sizes=\"auto, (max-width: 550px) 85vw, 550px\" \/><figcaption class=\"wp-element-caption\">Postkarte Klosterbrunnen im Kloster Maulbronn um 1930<\/figcaption><\/figure>\n\n\n\n<h2 class=\"wp-block-heading\">Obergermanisch-Raetischer Limes<\/h2>\n\n\n\n<div class=\"wp-block-media-text alignwide is-stacked-on-mobile\"><figure class=\"wp-block-media-text__media\"><img loading=\"lazy\" decoding=\"async\" width=\"284\" height=\"176\" src=\"https:\/\/bsv.bsv-riedlingen.de\/wp-content\/uploads\/2023\/06\/Marke-2007-Limes.jpg\" alt=\"\" class=\"wp-image-1639 size-full\"\/><\/figure><div class=\"wp-block-media-text__content\">\n<p>UNESCO-Welterbe: Obergermanisch-raetischer Limes<\/p>\n\n\n\n<p>Ausgabetag: 11.10.2007<\/p>\n\n\n\n<p>Michel.-Nr.: 2623<\/p>\n<\/div><\/div>\n\n\n\n<p>Ab dem 2. Jh. n. Chr. befestigten die R\u00f6mer die Grenzen ihres Reiches. Mehrere Abschnitte dieser Grenzbefestigung wurden zum Weltkulturerbe ernannt. Darunter f\u00e4llt auch der \u201a<strong>Obergermanisch-Raetische Limes<\/strong>\u2018.<\/p>\n\n\n\n<figure class=\"wp-block-image size-full\"><img loading=\"lazy\" decoding=\"async\" width=\"649\" height=\"437\" src=\"https:\/\/bsv.bsv-riedlingen.de\/wp-content\/uploads\/2023\/06\/Block-2007-Limes.jpg\" alt=\"\" class=\"wp-image-1640\" srcset=\"https:\/\/bsv.bsv-riedlingen.de\/wp-content\/uploads\/2023\/06\/Block-2007-Limes.jpg 649w, https:\/\/bsv.bsv-riedlingen.de\/wp-content\/uploads\/2023\/06\/Block-2007-Limes-300x202.jpg 300w, https:\/\/bsv.bsv-riedlingen.de\/wp-content\/uploads\/2023\/06\/Block-2007-Limes-272x182.jpg 272w\" sizes=\"auto, (max-width: 649px) 85vw, 649px\" \/><figcaption class=\"wp-element-caption\">Block 72. Mit Sonderstempel vom 11.10.2007 (Aalen)<\/figcaption><\/figure>\n\n\n\n<figure class=\"wp-block-image size-large\"><img loading=\"lazy\" decoding=\"async\" width=\"1024\" height=\"523\" src=\"https:\/\/bsv.bsv-riedlingen.de\/wp-content\/uploads\/2023\/06\/Brief-Sonderstempel-2007-Limes-1024x523.jpg\" alt=\"\" class=\"wp-image-1647\" srcset=\"https:\/\/bsv.bsv-riedlingen.de\/wp-content\/uploads\/2023\/06\/Brief-Sonderstempel-2007-Limes-1024x523.jpg 1024w, https:\/\/bsv.bsv-riedlingen.de\/wp-content\/uploads\/2023\/06\/Brief-Sonderstempel-2007-Limes-300x153.jpg 300w, https:\/\/bsv.bsv-riedlingen.de\/wp-content\/uploads\/2023\/06\/Brief-Sonderstempel-2007-Limes-768x392.jpg 768w, https:\/\/bsv.bsv-riedlingen.de\/wp-content\/uploads\/2023\/06\/Brief-Sonderstempel-2007-Limes-1200x613.jpg 1200w, https:\/\/bsv.bsv-riedlingen.de\/wp-content\/uploads\/2023\/06\/Brief-Sonderstempel-2007-Limes.jpg 1276w\" sizes=\"auto, (max-width: 709px) 85vw, (max-width: 909px) 67vw, (max-width: 1362px) 62vw, 840px\" \/><figcaption class=\"wp-element-caption\">Ersttagsbrief mit dem Block 72 frankiert und Sonderstempel<\/figcaption><\/figure>\n\n\n\n<p>Der Obergermanisch-Raetische Limes wurde im Juli 2005 als Erweiterung der ab diesem Zeitpunkt \u201aGrenzen des R\u00f6mischen Reiches\u2018 genannten St\u00e4tte in die Welterbeliste der\u00a0UNESCO\u00a0aufgenommen. Zusammen mit dem Hadrianswall (Anerkennung 1987) und dem Antoninuswall (Anerkennung 2008) im Vereinigten K\u00f6nigreich Gro\u00dfbritannien und Nordirland bildet der Obergermanisch-Raetische Limes somit eine transnationale Welterbest\u00e4tte.\u00a0<\/p>\n\n\n\n<div class=\"wp-block-columns is-layout-flex wp-container-core-columns-is-layout-9d6595d7 wp-block-columns-is-layout-flex\">\n<div class=\"wp-block-column is-layout-flow wp-block-column-is-layout-flow\"><div class=\"wp-block-image\">\n<figure class=\"aligncenter size-full\"><img loading=\"lazy\" decoding=\"async\" width=\"248\" height=\"193\" src=\"https:\/\/bsv.bsv-riedlingen.de\/wp-content\/uploads\/2023\/06\/Italien-Hadrians-Wall.jpg\" alt=\"\" class=\"wp-image-1641\"\/><figcaption class=\"wp-element-caption\">Italien &#8211; Hadrianswall Ersttag:25.10.2009<\/figcaption><\/figure>\n<\/div><\/div>\n\n\n\n<div class=\"wp-block-column is-layout-flow wp-block-column-is-layout-flow\"><div class=\"wp-block-image\">\n<figure class=\"aligncenter size-full\"><img loading=\"lazy\" decoding=\"async\" width=\"214\" height=\"224\" src=\"https:\/\/bsv.bsv-riedlingen.de\/wp-content\/uploads\/2023\/06\/Australien-Hadrianswall.jpg\" alt=\"\" class=\"wp-image-1643\"\/><figcaption class=\"wp-element-caption\">Australien &#8211; Hadrianswall Ersttag: 21.04.2005<\/figcaption><\/figure>\n<\/div><\/div>\n<\/div>\n\n\n\n<p>Die deutschen Teilgebiete umfassen etwa eine Fl\u00e4che von 250 Quadratkilometern und durchziehen von Bad H\u00f6nningen\/ Rheinbrohl am Rhein bis zum Kastell Eining an der Donau \u00fcber 150 Kommunen und 20 Landkreise. Mit 550 Kilometern L\u00e4nge bilden sie das l\u00e4ngste Bodendenkmal Europas. Der Obergermanisch-Raetische Limes wurde in mehreren Phasen zwischen 100 n. Chr. und dem Ende des 2. Jahrhunderts n. Chr. errichtet. Neben im Original erhaltenen r\u00f6mischen Relikten finden sich auch Rekonstruktionen, Ausgrabungen und Nachbauten. Stellenweise ist der Obergermanisch-Raetische Limes, der auf weiten Strecken geradlinig Wald und Feld durchquert, noch im Original erkennbar.<\/p>\n\n\n\n<div class=\"wp-block-columns is-layout-flex wp-container-core-columns-is-layout-9d6595d7 wp-block-columns-is-layout-flex\">\n<div class=\"wp-block-column is-layout-flow wp-block-column-is-layout-flow\" style=\"flex-basis:66.66%\">\n<figure class=\"wp-block-image size-full\"><img loading=\"lazy\" decoding=\"async\" width=\"522\" height=\"235\" src=\"https:\/\/bsv.bsv-riedlingen.de\/wp-content\/uploads\/2023\/06\/Sonderstempel-Limes.jpg\" alt=\"\" class=\"wp-image-1644\" srcset=\"https:\/\/bsv.bsv-riedlingen.de\/wp-content\/uploads\/2023\/06\/Sonderstempel-Limes.jpg 522w, https:\/\/bsv.bsv-riedlingen.de\/wp-content\/uploads\/2023\/06\/Sonderstempel-Limes-300x135.jpg 300w\" sizes=\"auto, (max-width: 522px) 85vw, 522px\" \/><\/figure>\n<\/div>\n\n\n\n<div class=\"wp-block-column is-layout-flow wp-block-column-is-layout-flow\" style=\"flex-basis:33.33%\">\n<p>Stempelzusatz der den Verlauf des Limes aufzeigt. <\/p>\n<\/div>\n<\/div>\n\n\n\n<figure class=\"wp-block-image size-full\"><img loading=\"lazy\" decoding=\"async\" width=\"658\" height=\"516\" src=\"https:\/\/bsv.bsv-riedlingen.de\/wp-content\/uploads\/2023\/06\/Oesterreich-Limes.jpg\" alt=\"\" class=\"wp-image-1645\" srcset=\"https:\/\/bsv.bsv-riedlingen.de\/wp-content\/uploads\/2023\/06\/Oesterreich-Limes.jpg 658w, https:\/\/bsv.bsv-riedlingen.de\/wp-content\/uploads\/2023\/06\/Oesterreich-Limes-300x235.jpg 300w\" sizes=\"auto, (max-width: 658px) 85vw, 658px\" \/><figcaption class=\"wp-element-caption\">individuell gestaltete Marken der \u00f6sterreichischen Post<\/figcaption><\/figure>\n\n\n\n<figure class=\"wp-block-image size-full\"><img loading=\"lazy\" decoding=\"async\" width=\"987\" height=\"569\" src=\"https:\/\/bsv.bsv-riedlingen.de\/wp-content\/uploads\/2023\/06\/Block-Albmail-Limes.jpg\" alt=\"\" class=\"wp-image-1646\" srcset=\"https:\/\/bsv.bsv-riedlingen.de\/wp-content\/uploads\/2023\/06\/Block-Albmail-Limes.jpg 987w, https:\/\/bsv.bsv-riedlingen.de\/wp-content\/uploads\/2023\/06\/Block-Albmail-Limes-300x173.jpg 300w, https:\/\/bsv.bsv-riedlingen.de\/wp-content\/uploads\/2023\/06\/Block-Albmail-Limes-768x443.jpg 768w\" sizes=\"auto, (max-width: 709px) 85vw, (max-width: 909px) 67vw, (max-width: 1362px) 62vw, 840px\" \/><figcaption class=\"wp-element-caption\">Am 5. Juni 2011 brachte die Ostalb Mail eine Briefmarkenserie unter dem Titel &#8218;Limes im Ostalbkreis&#8216; heraus.<\/figcaption><\/figure>\n","protected":false},"excerpt":{"rendered":"<p>Klosterinsel Reichenau 724 gr\u00fcndete der Wanderbischof Pirmin auf der \u201areichen Au\u2018, einer Insel im westlichen Teil des Bodensees, ein Kloster. Im Jahre 2000, 1276 Jahre sp\u00e4ter, wurde das Kloster, in die Reihe der wichtigsten Weltkulturg\u00fcter der UNESCO Welterbeliste, als Klosterinsel Reichenau aufgenommen. Mehr als drei Jahrhunderte, zwischen 800 und 1100, lag hier eines der geistigen &hellip; <a href=\"https:\/\/bsv.bsv-riedlingen.de\/?page_id=1464\" class=\"more-link\"><span class=\"screen-reader-text\">\u201eBaden-W\u00fcrttemberg\u201c <\/span>weiterlesen<\/a><\/p>\n","protected":false},"author":1,"featured_media":0,"parent":1462,"menu_order":0,"comment_status":"closed","ping_status":"closed","template":"","meta":{"footnotes":""},"class_list":["post-1464","page","type-page","status-publish","hentry"],"_links":{"self":[{"href":"https:\/\/bsv.bsv-riedlingen.de\/index.php?rest_route=\/wp\/v2\/pages\/1464","targetHints":{"allow":["GET"]}}],"collection":[{"href":"https:\/\/bsv.bsv-riedlingen.de\/index.php?rest_route=\/wp\/v2\/pages"}],"about":[{"href":"https:\/\/bsv.bsv-riedlingen.de\/index.php?rest_route=\/wp\/v2\/types\/page"}],"author":[{"embeddable":true,"href":"https:\/\/bsv.bsv-riedlingen.de\/index.php?rest_route=\/wp\/v2\/users\/1"}],"replies":[{"embeddable":true,"href":"https:\/\/bsv.bsv-riedlingen.de\/index.php?rest_route=%2Fwp%2Fv2%2Fcomments&post=1464"}],"version-history":[{"count":8,"href":"https:\/\/bsv.bsv-riedlingen.de\/index.php?rest_route=\/wp\/v2\/pages\/1464\/revisions"}],"predecessor-version":[{"id":1649,"href":"https:\/\/bsv.bsv-riedlingen.de\/index.php?rest_route=\/wp\/v2\/pages\/1464\/revisions\/1649"}],"up":[{"embeddable":true,"href":"https:\/\/bsv.bsv-riedlingen.de\/index.php?rest_route=\/wp\/v2\/pages\/1462"}],"wp:attachment":[{"href":"https:\/\/bsv.bsv-riedlingen.de\/index.php?rest_route=%2Fwp%2Fv2%2Fmedia&parent=1464"}],"curies":[{"name":"wp","href":"https:\/\/api.w.org\/{rel}","templated":true}]}}