{"id":1415,"date":"2023-01-29T20:04:47","date_gmt":"2023-01-29T20:04:47","guid":{"rendered":"https:\/\/bsv.bsv-riedlingen.de\/?page_id=1415"},"modified":"2023-03-01T19:01:59","modified_gmt":"2023-03-01T19:01:59","slug":"weltkukturebe","status":"publish","type":"page","link":"https:\/\/bsv.bsv-riedlingen.de\/?page_id=1415","title":{"rendered":"Weltkulturerbe"},"content":{"rendered":"\n<p><\/p>\n\n\n\n<p class=\"has-small-font-size\">1.157 UNESCO-Welterbest\u00e4tten in 167 L\u00e4ndern sind auf der UNESCO-Welterbeliste eingeschrieben. In Deutschland sind es 51 Weltkultur bzw. -Naturerbest\u00e4tten. Von vielen dieser Orte gibt es sch\u00f6ne und interessante Briefmarken. Diese St\u00e4tten mit ihren Sondermarken sollen hier in loser Folge nach und nach vorgestellt werden.<\/p>\n\n\n\n<p><a href=\"https:\/\/bsv.bsv-riedlingen.de\/?page_id=1464\" data-type=\"page\" data-id=\"1464\">Kloster Reichenau<\/a><\/p>\n","protected":false},"excerpt":{"rendered":"<p>1.157 UNESCO-Welterbest\u00e4tten in 167 L\u00e4ndern sind auf der UNESCO-Welterbeliste eingeschrieben. In Deutschland sind es 51 Weltkultur bzw. -Naturerbest\u00e4tten. Von vielen dieser Orte gibt es sch\u00f6ne und interessante Briefmarken. Diese St\u00e4tten mit ihren Sondermarken sollen hier in loser Folge nach und nach vorgestellt werden. Kloster Reichenau<\/p>\n","protected":false},"author":1,"featured_media":0,"parent":0,"menu_order":0,"comment_status":"closed","ping_status":"closed","template":"","meta":{"footnotes":""},"class_list":["post-1415","page","type-page","status-publish","hentry"],"_links":{"self":[{"href":"https:\/\/bsv.bsv-riedlingen.de\/index.php?rest_route=\/wp\/v2\/pages\/1415","targetHints":{"allow":["GET"]}}],"collection":[{"href":"https:\/\/bsv.bsv-riedlingen.de\/index.php?rest_route=\/wp\/v2\/pages"}],"about":[{"href":"https:\/\/bsv.bsv-riedlingen.de\/index.php?rest_route=\/wp\/v2\/types\/page"}],"author":[{"embeddable":true,"href":"https:\/\/bsv.bsv-riedlingen.de\/index.php?rest_route=\/wp\/v2\/users\/1"}],"replies":[{"embeddable":true,"href":"https:\/\/bsv.bsv-riedlingen.de\/index.php?rest_route=%2Fwp%2Fv2%2Fcomments&post=1415"}],"version-history":[{"count":15,"href":"https:\/\/bsv.bsv-riedlingen.de\/index.php?rest_route=\/wp\/v2\/pages\/1415\/revisions"}],"predecessor-version":[{"id":1536,"href":"https:\/\/bsv.bsv-riedlingen.de\/index.php?rest_route=\/wp\/v2\/pages\/1415\/revisions\/1536"}],"wp:attachment":[{"href":"https:\/\/bsv.bsv-riedlingen.de\/index.php?rest_route=%2Fwp%2Fv2%2Fmedia&parent=1415"}],"curies":[{"name":"wp","href":"https:\/\/api.w.org\/{rel}","templated":true}]}}